{"id":336,"date":"2018-05-05T20:47:33","date_gmt":"2018-05-05T20:47:33","guid":{"rendered":"http:\/\/neuburg-architekten.de\/?page_id=336"},"modified":"2018-05-05T20:47:33","modified_gmt":"2018-05-05T20:47:33","slug":"vita","status":"publish","type":"page","link":"https:\/\/neuburg-design.de\/?page_id=336","title":{"rendered":"M.Sc. Architekt N\u00e1ndor Mehrl"},"content":{"rendered":"<h3 style=\"padding-left: 167px;\"><strong>vita<\/strong><\/h3>\n<p style=\"padding-left: 150px;\">04\/2014\u00a0\u00a0\u00a0\u00a0\u00a0\u00a0\u00a0\u00a0 neuburg architekten, B\u00fcrogr\u00fcndung, Passau<\/p>\n<p style=\"padding-left: 150px;\">07\/2013\u00a0\u00a0\u00a0\u00a0\u00a0\u00a0\u00a0\u00a0 Eintritt in die Bayerische Architektenkammer, 186-785<\/p>\n<p style=\"padding-left: 57px;\"><strong>\u00a0\u00a0\u00a0 <\/strong>08\/2010 \u2013 04\/2014\u00a0\u00a0\u00a0\u00a0\u00a0\u00a0\u00a0\u00a0 koeberl doeringer architekten, Passau, Sch\u00e4rding<\/p>\n<p style=\"padding-left: 85px;\">04\/2010-07\/2010\u00a0\u00a0\u00a0\u00a0\u00a0\u00a0\u00a0\u00a0 freie Mitarbeit f\u00fcr verschiedene Auftraggeber, Saarbr\u00fccken, Budapest<\/p>\n<p style=\"padding-left: 148px;\">04\/2010\u00a0\u00a0\u00a0\u00a0\u00a0\u00a0\u00a0\u00a0 Eintritt in die Budapester Architektenkammer, \u00c9\/2 01-0394<\/p>\n<p style=\"padding-left: 87px;\">11\/2008-03\/2010\u00a0\u00a0\u00a0\u00a0\u00a0\u00a0\u00a0\u00a0 freie Mitarbeit im B\u00fcro Alt &amp; Britz Architekten Stadtplaner, Saarbr\u00fccken<\/p>\n<p style=\"padding-left: 77px;\">02\/2007-05\/2008\u00a0\u00a0\u00a0\u00a0\u00a0\u00a0\u00a0\u00a0 Architekt im B\u00fcro B\u00e1n\u00e1ti + Hartvig Architekten, Budapest<\/p>\n<p>&nbsp;<\/p>\n<h3 style=\"padding-left: 103px;\"><strong>studium<\/strong><\/h3>\n<p style=\"padding-left: 126px;\">2000-2007\u00a0\u00a0\u00a0\u00a0\u00a0\u00a0\u00a0\u00a0 Technische und Wirtschaftswissenschaftliche Universit\u00e4t Budapest, BME<\/p>\n<p style=\"padding-left: 240px;\">Fakult\u00e4t f\u00fcr Architektur, Diplomarbeit an dem Lehrstuhl f\u00fcr \u00f6ffentliche Bauten<\/p>\n<p style=\"padding-left: 78px;\">04\/2005-10\/2005\u00a0\u00a0\u00a0\u00a0\u00a0\u00a0\u00a0\u00a0 Universit\u00e4t Kassel, Erasmusprogramm<\/p>\n","protected":false},"excerpt":{"rendered":"<p>vita 04\/2014\u00a0\u00a0\u00a0\u00a0\u00a0\u00a0\u00a0\u00a0 neuburg architekten, B\u00fcrogr\u00fcndung, Passau 07\/2013\u00a0\u00a0\u00a0\u00a0\u00a0\u00a0\u00a0\u00a0 Eintritt in die Bayerische Architektenkammer, 186-785 \u00a0\u00a0\u00a0 08\/2010 \u2013 04\/2014\u00a0\u00a0\u00a0\u00a0\u00a0\u00a0\u00a0\u00a0 koeberl doeringer architekten, Passau, Sch\u00e4rding 04\/2010-07\/2010\u00a0\u00a0\u00a0\u00a0\u00a0\u00a0\u00a0\u00a0 freie Mitarbeit f\u00fcr verschiedene Auftraggeber, Saarbr\u00fccken, Budapest 04\/2010\u00a0\u00a0\u00a0\u00a0\u00a0\u00a0\u00a0\u00a0 Eintritt in die Budapester Architektenkammer, \u00c9\/2 01-0394 11\/2008-03\/2010\u00a0\u00a0\u00a0\u00a0\u00a0\u00a0\u00a0\u00a0 freie Mitarbeit im B\u00fcro Alt &amp; Britz Architekten Stadtplaner, Saarbr\u00fccken 02\/2007-05\/2008\u00a0\u00a0\u00a0\u00a0\u00a0\u00a0\u00a0\u00a0 Architekt im B\u00fcro B\u00e1n\u00e1ti + [&hellip;]<\/p>\n","protected":false},"author":2,"featured_media":0,"parent":0,"menu_order":0,"comment_status":"closed","ping_status":"closed","template":"","meta":[],"_links":{"self":[{"href":"https:\/\/neuburg-design.de\/index.php?rest_route=\/wp\/v2\/pages\/336"}],"collection":[{"href":"https:\/\/neuburg-design.de\/index.php?rest_route=\/wp\/v2\/pages"}],"about":[{"href":"https:\/\/neuburg-design.de\/index.php?rest_route=\/wp\/v2\/types\/page"}],"author":[{"embeddable":true,"href":"https:\/\/neuburg-design.de\/index.php?rest_route=\/wp\/v2\/users\/2"}],"replies":[{"embeddable":true,"href":"https:\/\/neuburg-design.de\/index.php?rest_route=%2Fwp%2Fv2%2Fcomments&post=336"}],"version-history":[{"count":0,"href":"https:\/\/neuburg-design.de\/index.php?rest_route=\/wp\/v2\/pages\/336\/revisions"}],"wp:attachment":[{"href":"https:\/\/neuburg-design.de\/index.php?rest_route=%2Fwp%2Fv2%2Fmedia&parent=336"}],"curies":[{"name":"wp","href":"https:\/\/api.w.org\/{rel}","templated":true}]}}