{"id":182,"date":"2017-02-15T14:01:25","date_gmt":"2017-02-15T14:01:25","guid":{"rendered":"http:\/\/neuburg-architekten.de\/?page_id=182"},"modified":"2024-07-02T21:13:42","modified_gmt":"2024-07-02T21:13:42","slug":"impressum","status":"publish","type":"page","link":"https:\/\/neuburg-design.de\/?page_id=182","title":{"rendered":"impressum"},"content":{"rendered":"<p>neburg architekten<\/p>\n<p>Neuburg Design GmbH<br \/>\nGesch\u00e4ftsf\u00fchrer: M.Sc. Architekt N\u00e1ndor Mehrl<br \/>\nSteiningergasse 2<br \/>\nD-94032 Passau<\/p>\n<p>t +49 851 21375116<br \/>\noffice@neuburg-architekten.de<\/p>\n<p>Steuernummer 153\/133\/30246<br \/>\nUSt-IdNr.: DE328558888<\/p>\n<p>Amtsgericht Passau, HRB 10930<\/p>\n<p>Design und Programmierung:<br \/>\nM.Sc. Arch. N\u00e1ndor Mehrl<\/p>\n<p>Plattform der EU-Kommission zur Online-Streitbeilegung: <a href=\"http:\/\/www.ec.europa.eu\/consumers\/odr\" target=\"_blank\" rel=\"noopener noreferrer\">www.ec.europa.eu\/consumers\/odr<\/a><\/p>\n","protected":false},"excerpt":{"rendered":"<p>neburg architekten Neuburg Design GmbH Gesch\u00e4ftsf\u00fchrer: M.Sc. Architekt N\u00e1ndor Mehrl Steiningergasse 2 D-94032 Passau t +49 851 21375116 office@neuburg-architekten.de Steuernummer 153\/133\/30246 USt-IdNr.: DE328558888 Amtsgericht Passau, HRB 10930 Design und Programmierung: M.Sc. Arch. N\u00e1ndor Mehrl Plattform der EU-Kommission zur Online-Streitbeilegung: www.ec.europa.eu\/consumers\/odr<\/p>\n","protected":false},"author":2,"featured_media":0,"parent":0,"menu_order":0,"comment_status":"closed","ping_status":"closed","template":"","meta":[],"_links":{"self":[{"href":"https:\/\/neuburg-design.de\/index.php?rest_route=\/wp\/v2\/pages\/182"}],"collection":[{"href":"https:\/\/neuburg-design.de\/index.php?rest_route=\/wp\/v2\/pages"}],"about":[{"href":"https:\/\/neuburg-design.de\/index.php?rest_route=\/wp\/v2\/types\/page"}],"author":[{"embeddable":true,"href":"https:\/\/neuburg-design.de\/index.php?rest_route=\/wp\/v2\/users\/2"}],"replies":[{"embeddable":true,"href":"https:\/\/neuburg-design.de\/index.php?rest_route=%2Fwp%2Fv2%2Fcomments&post=182"}],"version-history":[{"count":2,"href":"https:\/\/neuburg-design.de\/index.php?rest_route=\/wp\/v2\/pages\/182\/revisions"}],"predecessor-version":[{"id":560,"href":"https:\/\/neuburg-design.de\/index.php?rest_route=\/wp\/v2\/pages\/182\/revisions\/560"}],"wp:attachment":[{"href":"https:\/\/neuburg-design.de\/index.php?rest_route=%2Fwp%2Fv2%2Fmedia&parent=182"}],"curies":[{"name":"wp","href":"https:\/\/api.w.org\/{rel}","templated":true}]}}